{"id":27844,"date":"2024-09-12T23:12:43","date_gmt":"2024-09-12T23:12:43","guid":{"rendered":"https:\/\/itscloq.com\/tienda\/product\/la-guarderia\/"},"modified":"2026-05-17T16:57:07","modified_gmt":"2026-05-17T16:57:07","slug":"la-guarderia","status":"publish","type":"product","link":"https:\/\/itscloq.com\/tienda\/product\/la-guarderia\/","title":{"rendered":"RECTANGULAR MULTIUSO"},"content":{"rendered":"","protected":false},"excerpt":{"rendered":"<p><span style=\"font-weight: 400;\">Este organizador rectangular multiuso est\u00e1 dise\u00f1ado para cuidar de esas cositas peque\u00f1as que s\u00f3lo saben perderse o hacer desastres. Perfecto para tus \u00fatiles de oficina, maquillaje, joyas, accesorios de cabello y dem\u00e1s.<\/span><\/p>\n<ul>\n<li style=\"font-weight: 400;\"><span style=\"font-weight: 400;\">Material: Acr\u00edlico.<\/span><\/li>\n<\/ul>\n","protected":false},"featured_media":28023,"comment_status":"closed","ping_status":"closed","template":"","meta":{"_joinchat":[]},"product_brand":[],"product_cat":[73],"product_tag":[],"class_list":{"0":"post-27844","1":"product","2":"type-product","3":"status-publish","4":"has-post-thumbnail","6":"product_cat-organizacion-y-limpieza","8":"first","9":"instock","10":"sale","11":"purchasable","12":"product-type-simple"},"_links":{"self":[{"href":"https:\/\/itscloq.com\/tienda\/wp-json\/wp\/v2\/product\/27844","targetHints":{"allow":["GET"]}}],"collection":[{"href":"https:\/\/itscloq.com\/tienda\/wp-json\/wp\/v2\/product"}],"about":[{"href":"https:\/\/itscloq.com\/tienda\/wp-json\/wp\/v2\/types\/product"}],"replies":[{"embeddable":true,"href":"https:\/\/itscloq.com\/tienda\/wp-json\/wp\/v2\/comments?post=27844"}],"version-history":[{"count":6,"href":"https:\/\/itscloq.com\/tienda\/wp-json\/wp\/v2\/product\/27844\/revisions"}],"predecessor-version":[{"id":28828,"href":"https:\/\/itscloq.com\/tienda\/wp-json\/wp\/v2\/product\/27844\/revisions\/28828"}],"wp:featuredmedia":[{"embeddable":true,"href":"https:\/\/itscloq.com\/tienda\/wp-json\/wp\/v2\/media\/28023"}],"wp:attachment":[{"href":"https:\/\/itscloq.com\/tienda\/wp-json\/wp\/v2\/media?parent=27844"}],"wp:term":[{"taxonomy":"product_brand","embeddable":true,"href":"https:\/\/itscloq.com\/tienda\/wp-json\/wp\/v2\/product_brand?post=27844"},{"taxonomy":"product_cat","embeddable":true,"href":"https:\/\/itscloq.com\/tienda\/wp-json\/wp\/v2\/product_cat?post=27844"},{"taxonomy":"product_tag","embeddable":true,"href":"https:\/\/itscloq.com\/tienda\/wp-json\/wp\/v2\/product_tag?post=27844"}],"curies":[{"name":"wp","href":"https:\/\/api.w.org\/{rel}","templated":true}]}}