{"id":27856,"date":"2024-09-12T23:12:43","date_gmt":"2024-09-12T23:12:43","guid":{"rendered":"https:\/\/itscloq.com\/tienda\/product\/closet-max\/"},"modified":"2026-04-27T16:29:32","modified_gmt":"2026-04-27T16:29:32","slug":"closet-max","status":"publish","type":"product","link":"https:\/\/itscloq.com\/tienda\/product\/closet-max\/","title":{"rendered":"CLOSET MAX"},"content":{"rendered":"","protected":false},"excerpt":{"rendered":"<p>El Closet Max de cloq es tu soluci\u00f3n para un closet siempre ordenado. Incluye 4 organizadores de distintos tama\u00f1os para que todo tenga su lugar. Facilita el mantenimiento del orden y optimiza el espacio. Encontrar tus cosas ser\u00e1 m\u00e1s f\u00e1cil que nunca. \u00a1que tu cl\u00f3set te de siempre paz!<\/p>\n<p>\u0095? ?Material: tela lavable<br \/>\n\u0095? ??Bondades: flexibles. Pueden almacenarse doblados.<\/p>\n","protected":false},"featured_media":28151,"comment_status":"closed","ping_status":"closed","template":"","meta":{"_joinchat":[]},"product_brand":[],"product_cat":[73],"product_tag":[],"class_list":{"0":"post-27856","1":"product","2":"type-product","3":"status-publish","4":"has-post-thumbnail","6":"product_cat-organizacion-y-limpieza","8":"first","9":"instock","10":"sale","11":"purchasable","12":"product-type-simple"},"_links":{"self":[{"href":"https:\/\/itscloq.com\/tienda\/wp-json\/wp\/v2\/product\/27856","targetHints":{"allow":["GET"]}}],"collection":[{"href":"https:\/\/itscloq.com\/tienda\/wp-json\/wp\/v2\/product"}],"about":[{"href":"https:\/\/itscloq.com\/tienda\/wp-json\/wp\/v2\/types\/product"}],"replies":[{"embeddable":true,"href":"https:\/\/itscloq.com\/tienda\/wp-json\/wp\/v2\/comments?post=27856"}],"version-history":[{"count":3,"href":"https:\/\/itscloq.com\/tienda\/wp-json\/wp\/v2\/product\/27856\/revisions"}],"predecessor-version":[{"id":28150,"href":"https:\/\/itscloq.com\/tienda\/wp-json\/wp\/v2\/product\/27856\/revisions\/28150"}],"wp:featuredmedia":[{"embeddable":true,"href":"https:\/\/itscloq.com\/tienda\/wp-json\/wp\/v2\/media\/28151"}],"wp:attachment":[{"href":"https:\/\/itscloq.com\/tienda\/wp-json\/wp\/v2\/media?parent=27856"}],"wp:term":[{"taxonomy":"product_brand","embeddable":true,"href":"https:\/\/itscloq.com\/tienda\/wp-json\/wp\/v2\/product_brand?post=27856"},{"taxonomy":"product_cat","embeddable":true,"href":"https:\/\/itscloq.com\/tienda\/wp-json\/wp\/v2\/product_cat?post=27856"},{"taxonomy":"product_tag","embeddable":true,"href":"https:\/\/itscloq.com\/tienda\/wp-json\/wp\/v2\/product_tag?post=27856"}],"curies":[{"name":"wp","href":"https:\/\/api.w.org\/{rel}","templated":true}]}}