{"id":27858,"date":"2024-09-12T23:12:43","date_gmt":"2024-09-12T23:12:43","guid":{"rendered":"https:\/\/itscloq.com\/tienda\/product\/closet-pro\/"},"modified":"2026-04-21T01:29:15","modified_gmt":"2026-04-21T01:29:15","slug":"closet-pro","status":"publish","type":"product","link":"https:\/\/itscloq.com\/tienda\/product\/closet-pro\/","title":{"rendered":"CLOSET PRO"},"content":{"rendered":"","protected":false},"excerpt":{"rendered":"<p>El closet pro de cloq es tu mejor amigo para un closet impecable. Incluye 3 piezas vers\u00e1tiles con separadores, puedes organizar ropa, trajes de ba\u00f1o, ropa interior y mucho m\u00e1s. Ideal para mantener todo en su lugar y a la mano. \u00a1Optimiza tu espacio y disfruta de un closet siempre en orden!<\/p>\n<p>\u2022\u2060 \u2060Material: tela lavable<br \/>\n\u2022\u2060 \u2060\u2060Bondades: flexibles. Pueden almacenarse doblados.<\/p>\n","protected":false},"featured_media":28161,"comment_status":"closed","ping_status":"closed","template":"","meta":{"_joinchat":[]},"product_brand":[],"product_cat":[73],"product_tag":[],"class_list":{"0":"post-27858","1":"product","2":"type-product","3":"status-publish","4":"has-post-thumbnail","6":"product_cat-organizacion-y-limpieza","8":"first","9":"instock","10":"sale","11":"purchasable","12":"product-type-simple"},"_links":{"self":[{"href":"https:\/\/itscloq.com\/tienda\/wp-json\/wp\/v2\/product\/27858","targetHints":{"allow":["GET"]}}],"collection":[{"href":"https:\/\/itscloq.com\/tienda\/wp-json\/wp\/v2\/product"}],"about":[{"href":"https:\/\/itscloq.com\/tienda\/wp-json\/wp\/v2\/types\/product"}],"replies":[{"embeddable":true,"href":"https:\/\/itscloq.com\/tienda\/wp-json\/wp\/v2\/comments?post=27858"}],"version-history":[{"count":3,"href":"https:\/\/itscloq.com\/tienda\/wp-json\/wp\/v2\/product\/27858\/revisions"}],"predecessor-version":[{"id":28267,"href":"https:\/\/itscloq.com\/tienda\/wp-json\/wp\/v2\/product\/27858\/revisions\/28267"}],"wp:featuredmedia":[{"embeddable":true,"href":"https:\/\/itscloq.com\/tienda\/wp-json\/wp\/v2\/media\/28161"}],"wp:attachment":[{"href":"https:\/\/itscloq.com\/tienda\/wp-json\/wp\/v2\/media?parent=27858"}],"wp:term":[{"taxonomy":"product_brand","embeddable":true,"href":"https:\/\/itscloq.com\/tienda\/wp-json\/wp\/v2\/product_brand?post=27858"},{"taxonomy":"product_cat","embeddable":true,"href":"https:\/\/itscloq.com\/tienda\/wp-json\/wp\/v2\/product_cat?post=27858"},{"taxonomy":"product_tag","embeddable":true,"href":"https:\/\/itscloq.com\/tienda\/wp-json\/wp\/v2\/product_tag?post=27858"}],"curies":[{"name":"wp","href":"https:\/\/api.w.org\/{rel}","templated":true}]}}