{"id":27860,"date":"2024-09-12T23:12:43","date_gmt":"2024-09-12T23:12:43","guid":{"rendered":"https:\/\/itscloq.com\/tienda\/product\/mini-clear-box\/"},"modified":"2026-03-23T19:04:59","modified_gmt":"2026-03-23T19:04:59","slug":"mini-clear-box","status":"publish","type":"product","link":"https:\/\/itscloq.com\/tienda\/product\/mini-clear-box\/","title":{"rendered":"3-PACK MULTIUSO"},"content":{"rendered":"","protected":false},"excerpt":{"rendered":"<p>El 3-pack multiuso de cloq son 3 cestas de acr\u00edlico perfectas para mantener todo en orden. Ideales para la nevera, despensa, productos de limpieza y m\u00e1s. Estas cestas multiuso facilitan la organizaci\u00f3n y optimizaci\u00f3n de tus espacios, haciendo que todo est\u00e9 al alcance y bien organizado.<\/p>\n","protected":false},"featured_media":28227,"comment_status":"closed","ping_status":"closed","template":"","meta":{"_joinchat":[]},"product_brand":[],"product_cat":[73],"product_tag":[],"class_list":{"0":"post-27860","1":"product","2":"type-product","3":"status-publish","4":"has-post-thumbnail","6":"product_cat-organizacion-y-limpieza","8":"first","9":"instock","10":"sale","11":"purchasable","12":"product-type-simple"},"_links":{"self":[{"href":"https:\/\/itscloq.com\/tienda\/wp-json\/wp\/v2\/product\/27860","targetHints":{"allow":["GET"]}}],"collection":[{"href":"https:\/\/itscloq.com\/tienda\/wp-json\/wp\/v2\/product"}],"about":[{"href":"https:\/\/itscloq.com\/tienda\/wp-json\/wp\/v2\/types\/product"}],"replies":[{"embeddable":true,"href":"https:\/\/itscloq.com\/tienda\/wp-json\/wp\/v2\/comments?post=27860"}],"version-history":[{"count":2,"href":"https:\/\/itscloq.com\/tienda\/wp-json\/wp\/v2\/product\/27860\/revisions"}],"predecessor-version":[{"id":28228,"href":"https:\/\/itscloq.com\/tienda\/wp-json\/wp\/v2\/product\/27860\/revisions\/28228"}],"wp:featuredmedia":[{"embeddable":true,"href":"https:\/\/itscloq.com\/tienda\/wp-json\/wp\/v2\/media\/28227"}],"wp:attachment":[{"href":"https:\/\/itscloq.com\/tienda\/wp-json\/wp\/v2\/media?parent=27860"}],"wp:term":[{"taxonomy":"product_brand","embeddable":true,"href":"https:\/\/itscloq.com\/tienda\/wp-json\/wp\/v2\/product_brand?post=27860"},{"taxonomy":"product_cat","embeddable":true,"href":"https:\/\/itscloq.com\/tienda\/wp-json\/wp\/v2\/product_cat?post=27860"},{"taxonomy":"product_tag","embeddable":true,"href":"https:\/\/itscloq.com\/tienda\/wp-json\/wp\/v2\/product_tag?post=27860"}],"curies":[{"name":"wp","href":"https:\/\/api.w.org\/{rel}","templated":true}]}}