{"id":27862,"date":"2024-09-12T23:12:43","date_gmt":"2024-09-12T23:12:43","guid":{"rendered":"https:\/\/itscloq.com\/tienda\/product\/el-frisbi\/"},"modified":"2026-03-23T19:05:07","modified_gmt":"2026-03-23T19:05:07","slug":"el-frisbi","status":"publish","type":"product","link":"https:\/\/itscloq.com\/tienda\/product\/el-frisbi\/","title":{"rendered":"BANDEJA GIRATORIA 360"},"content":{"rendered":"","protected":false},"excerpt":{"rendered":"<p>La bandeja giratoria 360 de cloq es un organizador circular y rotatorio de acr\u00edlico, perfecta para la cocina, el tocador, la oficina y el ba\u00f1o. Mant\u00e9n a la mano todo lo que necesitas con comodidad y practicidad. Ideal para especias, condimentos, productos de cuidado personal, oficina, y cualquier cosa que quieras tener siempre a tu alcance. \u00a1Con cloq tus espacios son m\u00e1s funcionales y ordenados!<\/p>\n","protected":false},"featured_media":28091,"comment_status":"closed","ping_status":"closed","template":"","meta":{"_joinchat":[]},"product_brand":[],"product_cat":[73],"product_tag":[],"class_list":{"0":"post-27862","1":"product","2":"type-product","3":"status-publish","4":"has-post-thumbnail","6":"product_cat-organizacion-y-limpieza","8":"first","9":"instock","10":"sale","11":"purchasable","12":"product-type-simple"},"_links":{"self":[{"href":"https:\/\/itscloq.com\/tienda\/wp-json\/wp\/v2\/product\/27862","targetHints":{"allow":["GET"]}}],"collection":[{"href":"https:\/\/itscloq.com\/tienda\/wp-json\/wp\/v2\/product"}],"about":[{"href":"https:\/\/itscloq.com\/tienda\/wp-json\/wp\/v2\/types\/product"}],"replies":[{"embeddable":true,"href":"https:\/\/itscloq.com\/tienda\/wp-json\/wp\/v2\/comments?post=27862"}],"version-history":[{"count":4,"href":"https:\/\/itscloq.com\/tienda\/wp-json\/wp\/v2\/product\/27862\/revisions"}],"predecessor-version":[{"id":28279,"href":"https:\/\/itscloq.com\/tienda\/wp-json\/wp\/v2\/product\/27862\/revisions\/28279"}],"wp:featuredmedia":[{"embeddable":true,"href":"https:\/\/itscloq.com\/tienda\/wp-json\/wp\/v2\/media\/28091"}],"wp:attachment":[{"href":"https:\/\/itscloq.com\/tienda\/wp-json\/wp\/v2\/media?parent=27862"}],"wp:term":[{"taxonomy":"product_brand","embeddable":true,"href":"https:\/\/itscloq.com\/tienda\/wp-json\/wp\/v2\/product_brand?post=27862"},{"taxonomy":"product_cat","embeddable":true,"href":"https:\/\/itscloq.com\/tienda\/wp-json\/wp\/v2\/product_cat?post=27862"},{"taxonomy":"product_tag","embeddable":true,"href":"https:\/\/itscloq.com\/tienda\/wp-json\/wp\/v2\/product_tag?post=27862"}],"curies":[{"name":"wp","href":"https:\/\/api.w.org\/{rel}","templated":true}]}}