{"id":27868,"date":"2024-09-12T23:12:43","date_gmt":"2024-09-12T23:12:43","guid":{"rendered":"https:\/\/itscloq.com\/tienda\/product\/makeup-travel-bag\/"},"modified":"2026-03-23T19:05:28","modified_gmt":"2026-03-23T19:05:28","slug":"makeup-travel-bag","status":"publish","type":"product","link":"https:\/\/itscloq.com\/tienda\/product\/makeup-travel-bag\/","title":{"rendered":"MAKEUP TRAVEL BAG"},"content":{"rendered":"","protected":false},"excerpt":{"rendered":"<p>El makeup travel bag de cloq es ideal para organizar tu maquillaje y llevarlo a tus viajes. Con sus compartimentos especiales para cosm\u00e9ticos y accesorios, mantendr\u00e1s todo en su lugar y f\u00e1cilmente accesible. Dise\u00f1ado para la comodidad, el cuidado de tus productos y la practicidad.<\/p>\n","protected":false},"featured_media":28162,"comment_status":"closed","ping_status":"closed","template":"","meta":{"_joinchat":[]},"product_brand":[],"product_cat":[72,73],"product_tag":[],"class_list":{"0":"post-27868","1":"product","2":"type-product","3":"status-publish","4":"has-post-thumbnail","6":"product_cat-higiene-personal","7":"product_cat-organizacion-y-limpieza","9":"first","10":"instock","11":"sale","12":"purchasable","13":"product-type-simple"},"_links":{"self":[{"href":"https:\/\/itscloq.com\/tienda\/wp-json\/wp\/v2\/product\/27868","targetHints":{"allow":["GET"]}}],"collection":[{"href":"https:\/\/itscloq.com\/tienda\/wp-json\/wp\/v2\/product"}],"about":[{"href":"https:\/\/itscloq.com\/tienda\/wp-json\/wp\/v2\/types\/product"}],"replies":[{"embeddable":true,"href":"https:\/\/itscloq.com\/tienda\/wp-json\/wp\/v2\/comments?post=27868"}],"version-history":[{"count":3,"href":"https:\/\/itscloq.com\/tienda\/wp-json\/wp\/v2\/product\/27868\/revisions"}],"predecessor-version":[{"id":28295,"href":"https:\/\/itscloq.com\/tienda\/wp-json\/wp\/v2\/product\/27868\/revisions\/28295"}],"wp:featuredmedia":[{"embeddable":true,"href":"https:\/\/itscloq.com\/tienda\/wp-json\/wp\/v2\/media\/28162"}],"wp:attachment":[{"href":"https:\/\/itscloq.com\/tienda\/wp-json\/wp\/v2\/media?parent=27868"}],"wp:term":[{"taxonomy":"product_brand","embeddable":true,"href":"https:\/\/itscloq.com\/tienda\/wp-json\/wp\/v2\/product_brand?post=27868"},{"taxonomy":"product_cat","embeddable":true,"href":"https:\/\/itscloq.com\/tienda\/wp-json\/wp\/v2\/product_cat?post=27868"},{"taxonomy":"product_tag","embeddable":true,"href":"https:\/\/itscloq.com\/tienda\/wp-json\/wp\/v2\/product_tag?post=27868"}],"curies":[{"name":"wp","href":"https:\/\/api.w.org\/{rel}","templated":true}]}}