{"id":27872,"date":"2024-09-12T23:12:43","date_gmt":"2024-09-12T23:12:43","guid":{"rendered":"https:\/\/itscloq.com\/tienda\/product\/dream-brush\/"},"modified":"2026-03-23T19:10:14","modified_gmt":"2026-03-23T19:10:14","slug":"dream-brush","status":"publish","type":"product","link":"https:\/\/itscloq.com\/tienda\/product\/dream-brush\/","title":{"rendered":"CEPILLO ELECTRICO MULTIUSO"},"content":{"rendered":"","protected":false},"excerpt":{"rendered":"<p>El cepillo electrico multiuso es lo que siempre has so\u00f1ado. Ideal para diferentes superficies, te ayuda a mantener todo impecable sin esfuerzo. Desde la cocina, el ba\u00f1o, hasta el pegoste que dejaron los ni\u00f1os en el piso de su cuarto. Este cepillo se encarga del trabajo sucio para que t\u00fa disfrutes m\u00e1s de tu tiempo y energ\u00eda, una vida cloq.<\/p>\n","protected":false},"featured_media":27987,"comment_status":"closed","ping_status":"closed","template":"","meta":{"_joinchat":[]},"product_brand":[],"product_cat":[73],"product_tag":[],"class_list":{"0":"post-27872","1":"product","2":"type-product","3":"status-publish","4":"has-post-thumbnail","6":"product_cat-organizacion-y-limpieza","8":"first","9":"instock","10":"sale","11":"purchasable","12":"product-type-simple"},"_links":{"self":[{"href":"https:\/\/itscloq.com\/tienda\/wp-json\/wp\/v2\/product\/27872","targetHints":{"allow":["GET"]}}],"collection":[{"href":"https:\/\/itscloq.com\/tienda\/wp-json\/wp\/v2\/product"}],"about":[{"href":"https:\/\/itscloq.com\/tienda\/wp-json\/wp\/v2\/types\/product"}],"replies":[{"embeddable":true,"href":"https:\/\/itscloq.com\/tienda\/wp-json\/wp\/v2\/comments?post=27872"}],"version-history":[{"count":3,"href":"https:\/\/itscloq.com\/tienda\/wp-json\/wp\/v2\/product\/27872\/revisions"}],"predecessor-version":[{"id":28553,"href":"https:\/\/itscloq.com\/tienda\/wp-json\/wp\/v2\/product\/27872\/revisions\/28553"}],"wp:featuredmedia":[{"embeddable":true,"href":"https:\/\/itscloq.com\/tienda\/wp-json\/wp\/v2\/media\/27987"}],"wp:attachment":[{"href":"https:\/\/itscloq.com\/tienda\/wp-json\/wp\/v2\/media?parent=27872"}],"wp:term":[{"taxonomy":"product_brand","embeddable":true,"href":"https:\/\/itscloq.com\/tienda\/wp-json\/wp\/v2\/product_brand?post=27872"},{"taxonomy":"product_cat","embeddable":true,"href":"https:\/\/itscloq.com\/tienda\/wp-json\/wp\/v2\/product_cat?post=27872"},{"taxonomy":"product_tag","embeddable":true,"href":"https:\/\/itscloq.com\/tienda\/wp-json\/wp\/v2\/product_tag?post=27872"}],"curies":[{"name":"wp","href":"https:\/\/api.w.org\/{rel}","templated":true}]}}