{"id":27874,"date":"2024-09-12T23:12:43","date_gmt":"2024-09-12T23:12:43","guid":{"rendered":"https:\/\/itscloq.com\/tienda\/product\/el-separador\/"},"modified":"2026-03-23T19:06:00","modified_gmt":"2026-03-23T19:06:00","slug":"el-separador","status":"publish","type":"product","link":"https:\/\/itscloq.com\/tienda\/product\/el-separador\/","title":{"rendered":"4- PACK SEPARADORES DE ACRILICO"},"content":{"rendered":"","protected":false},"excerpt":{"rendered":"<p>Los separadores de cloq son unas l\u00e1minas de acr\u00edlico perfectas para organizar tus repisas. Se adapta f\u00e1cilmente para crear secciones y mantener todo en su lugar. Ideal para libros, bolsos, camisas, jeans, utensilios o cualquier cosa que necesite su propio espacio.<\/p>\n","protected":false},"featured_media":27984,"comment_status":"closed","ping_status":"closed","template":"","meta":{"_joinchat":[]},"product_brand":[],"product_cat":[73],"product_tag":[],"class_list":{"0":"post-27874","1":"product","2":"type-product","3":"status-publish","4":"has-post-thumbnail","6":"product_cat-organizacion-y-limpieza","8":"first","9":"instock","10":"sale","11":"purchasable","12":"product-type-simple"},"_links":{"self":[{"href":"https:\/\/itscloq.com\/tienda\/wp-json\/wp\/v2\/product\/27874","targetHints":{"allow":["GET"]}}],"collection":[{"href":"https:\/\/itscloq.com\/tienda\/wp-json\/wp\/v2\/product"}],"about":[{"href":"https:\/\/itscloq.com\/tienda\/wp-json\/wp\/v2\/types\/product"}],"replies":[{"embeddable":true,"href":"https:\/\/itscloq.com\/tienda\/wp-json\/wp\/v2\/comments?post=27874"}],"version-history":[{"count":4,"href":"https:\/\/itscloq.com\/tienda\/wp-json\/wp\/v2\/product\/27874\/revisions"}],"predecessor-version":[{"id":28289,"href":"https:\/\/itscloq.com\/tienda\/wp-json\/wp\/v2\/product\/27874\/revisions\/28289"}],"wp:featuredmedia":[{"embeddable":true,"href":"https:\/\/itscloq.com\/tienda\/wp-json\/wp\/v2\/media\/27984"}],"wp:attachment":[{"href":"https:\/\/itscloq.com\/tienda\/wp-json\/wp\/v2\/media?parent=27874"}],"wp:term":[{"taxonomy":"product_brand","embeddable":true,"href":"https:\/\/itscloq.com\/tienda\/wp-json\/wp\/v2\/product_brand?post=27874"},{"taxonomy":"product_cat","embeddable":true,"href":"https:\/\/itscloq.com\/tienda\/wp-json\/wp\/v2\/product_cat?post=27874"},{"taxonomy":"product_tag","embeddable":true,"href":"https:\/\/itscloq.com\/tienda\/wp-json\/wp\/v2\/product_tag?post=27874"}],"curies":[{"name":"wp","href":"https:\/\/api.w.org\/{rel}","templated":true}]}}