{"id":27888,"date":"2024-09-12T23:13:41","date_gmt":"2024-09-12T23:13:41","guid":{"rendered":"https:\/\/itscloq.com\/tienda\/product\/el-cotufero\/"},"modified":"2026-03-23T19:01:53","modified_gmt":"2026-03-23T19:01:53","slug":"el-cotufero","status":"publish","type":"product","link":"https:\/\/itscloq.com\/tienda\/product\/el-cotufero\/","title":{"rendered":"COTUFERO CLOQ"},"content":{"rendered":"","protected":false},"excerpt":{"rendered":"<p>\u00a1En Cloq sabemos que la clave de tener mejores h\u00e1bitos es que sean placenteros y f\u00e1ciles de sostener!. El Cotufero de Cloq est\u00e1 hecho para que tu consumo de fibra diaria sea justamente as\u00ed: muy placentero y muy f\u00e1cil. Adem\u00e1s, no necesita aceite ni mantequilla, s\u00f3lo coloca el ma\u00edz, lleva al microondas y sigue llevando una alimentaci\u00f3n saludable!<\/p>\n<p>Material: 100% silic\u00f3n<br \/>\nCaracter\u00edsticas: plegable para su facilidad de guardar<\/p>\n","protected":false},"featured_media":28074,"comment_status":"closed","ping_status":"closed","template":"","meta":{"_joinchat":[]},"product_brand":[],"product_cat":[74],"product_tag":[],"class_list":{"0":"post-27888","1":"product","2":"type-product","3":"status-publish","4":"has-post-thumbnail","6":"product_cat-alimentacion-y-movimiento","8":"first","9":"instock","10":"sale","11":"purchasable","12":"product-type-simple"},"_links":{"self":[{"href":"https:\/\/itscloq.com\/tienda\/wp-json\/wp\/v2\/product\/27888","targetHints":{"allow":["GET"]}}],"collection":[{"href":"https:\/\/itscloq.com\/tienda\/wp-json\/wp\/v2\/product"}],"about":[{"href":"https:\/\/itscloq.com\/tienda\/wp-json\/wp\/v2\/types\/product"}],"replies":[{"embeddable":true,"href":"https:\/\/itscloq.com\/tienda\/wp-json\/wp\/v2\/comments?post=27888"}],"version-history":[{"count":2,"href":"https:\/\/itscloq.com\/tienda\/wp-json\/wp\/v2\/product\/27888\/revisions"}],"predecessor-version":[{"id":28125,"href":"https:\/\/itscloq.com\/tienda\/wp-json\/wp\/v2\/product\/27888\/revisions\/28125"}],"wp:featuredmedia":[{"embeddable":true,"href":"https:\/\/itscloq.com\/tienda\/wp-json\/wp\/v2\/media\/28074"}],"wp:attachment":[{"href":"https:\/\/itscloq.com\/tienda\/wp-json\/wp\/v2\/media?parent=27888"}],"wp:term":[{"taxonomy":"product_brand","embeddable":true,"href":"https:\/\/itscloq.com\/tienda\/wp-json\/wp\/v2\/product_brand?post=27888"},{"taxonomy":"product_cat","embeddable":true,"href":"https:\/\/itscloq.com\/tienda\/wp-json\/wp\/v2\/product_cat?post=27888"},{"taxonomy":"product_tag","embeddable":true,"href":"https:\/\/itscloq.com\/tienda\/wp-json\/wp\/v2\/product_tag?post=27888"}],"curies":[{"name":"wp","href":"https:\/\/api.w.org\/{rel}","templated":true}]}}