{"id":27890,"date":"2024-09-12T23:13:41","date_gmt":"2024-09-12T23:13:41","guid":{"rendered":"https:\/\/itscloq.com\/tienda\/product\/cloq-balls\/"},"modified":"2026-03-23T19:02:06","modified_gmt":"2026-03-23T19:02:06","slug":"cloq-balls","status":"publish","type":"product","link":"https:\/\/itscloq.com\/tienda\/product\/cloq-balls\/","title":{"rendered":"BOLAS ANTIESTRES CLOQ"},"content":{"rendered":"","protected":false},"excerpt":{"rendered":"<p>Las bolas antiestres cloq son perfectas para liberar el estr\u00e9s y la ansiedad. Adem\u00e1s de ser ideales para relajarte, tambi\u00e9n son usadas en fisioterapia para fortalecer m\u00fasculos del brazo, prevenir lesiones y mejorar destreza. Ll\u00e9valas contigo y disfruta de un momento de calma o de ejercicio donde quiera que est\u00e9s. \u00a1Desestr\u00e9sate y fortalece con las bolas antiestres de cloq!<\/p>\n","protected":false},"featured_media":28127,"comment_status":"closed","ping_status":"closed","template":"","meta":{"_joinchat":[]},"product_brand":[],"product_cat":[75,74],"product_tag":[],"class_list":{"0":"post-27890","1":"product","2":"type-product","3":"status-publish","4":"has-post-thumbnail","6":"product_cat-salud-mental","7":"product_cat-alimentacion-y-movimiento","9":"first","10":"instock","11":"sale","12":"purchasable","13":"product-type-simple"},"_links":{"self":[{"href":"https:\/\/itscloq.com\/tienda\/wp-json\/wp\/v2\/product\/27890","targetHints":{"allow":["GET"]}}],"collection":[{"href":"https:\/\/itscloq.com\/tienda\/wp-json\/wp\/v2\/product"}],"about":[{"href":"https:\/\/itscloq.com\/tienda\/wp-json\/wp\/v2\/types\/product"}],"replies":[{"embeddable":true,"href":"https:\/\/itscloq.com\/tienda\/wp-json\/wp\/v2\/comments?post=27890"}],"version-history":[{"count":4,"href":"https:\/\/itscloq.com\/tienda\/wp-json\/wp\/v2\/product\/27890\/revisions"}],"predecessor-version":[{"id":28842,"href":"https:\/\/itscloq.com\/tienda\/wp-json\/wp\/v2\/product\/27890\/revisions\/28842"}],"wp:featuredmedia":[{"embeddable":true,"href":"https:\/\/itscloq.com\/tienda\/wp-json\/wp\/v2\/media\/28127"}],"wp:attachment":[{"href":"https:\/\/itscloq.com\/tienda\/wp-json\/wp\/v2\/media?parent=27890"}],"wp:term":[{"taxonomy":"product_brand","embeddable":true,"href":"https:\/\/itscloq.com\/tienda\/wp-json\/wp\/v2\/product_brand?post=27890"},{"taxonomy":"product_cat","embeddable":true,"href":"https:\/\/itscloq.com\/tienda\/wp-json\/wp\/v2\/product_cat?post=27890"},{"taxonomy":"product_tag","embeddable":true,"href":"https:\/\/itscloq.com\/tienda\/wp-json\/wp\/v2\/product_tag?post=27890"}],"curies":[{"name":"wp","href":"https:\/\/api.w.org\/{rel}","templated":true}]}}