{"id":27892,"date":"2024-09-12T23:13:41","date_gmt":"2024-09-12T23:13:41","guid":{"rendered":"https:\/\/itscloq.com\/tienda\/product\/speaker-zen\/"},"modified":"2026-03-23T19:02:14","modified_gmt":"2026-03-23T19:02:14","slug":"speaker-zen","status":"publish","type":"product","link":"https:\/\/itscloq.com\/tienda\/product\/speaker-zen\/","title":{"rendered":"MAQUINA DE SONIDOS BLANCOS CLOQ"},"content":{"rendered":"","protected":false},"excerpt":{"rendered":"<p>La maquina de sonidos blancos de cloq est\u00e1 dise\u00f1ada para mejorar tu bienestar a trav\u00e9s de los beneficios respaldados por la ciencia de \u201cwhite noise\u201d (sonidos blancos) y otros sonidos relajantes. Algunos de los beneficios son: mejora del sue\u00f1o, reducci\u00f3n del estr\u00e9s y aumento de la concentraci\u00f3n. Duerme mejor y despierta a una vida Cloq.<\/p>\n","protected":false},"featured_media":28265,"comment_status":"closed","ping_status":"closed","template":"","meta":{"_joinchat":[]},"product_brand":[],"product_cat":[76],"product_tag":[],"class_list":{"0":"post-27892","1":"product","2":"type-product","3":"status-publish","4":"has-post-thumbnail","6":"product_cat-sueno","8":"first","9":"instock","10":"sale","11":"purchasable","12":"product-type-simple"},"_links":{"self":[{"href":"https:\/\/itscloq.com\/tienda\/wp-json\/wp\/v2\/product\/27892","targetHints":{"allow":["GET"]}}],"collection":[{"href":"https:\/\/itscloq.com\/tienda\/wp-json\/wp\/v2\/product"}],"about":[{"href":"https:\/\/itscloq.com\/tienda\/wp-json\/wp\/v2\/types\/product"}],"replies":[{"embeddable":true,"href":"https:\/\/itscloq.com\/tienda\/wp-json\/wp\/v2\/comments?post=27892"}],"version-history":[{"count":3,"href":"https:\/\/itscloq.com\/tienda\/wp-json\/wp\/v2\/product\/27892\/revisions"}],"predecessor-version":[{"id":28266,"href":"https:\/\/itscloq.com\/tienda\/wp-json\/wp\/v2\/product\/27892\/revisions\/28266"}],"wp:featuredmedia":[{"embeddable":true,"href":"https:\/\/itscloq.com\/tienda\/wp-json\/wp\/v2\/media\/28265"}],"wp:attachment":[{"href":"https:\/\/itscloq.com\/tienda\/wp-json\/wp\/v2\/media?parent=27892"}],"wp:term":[{"taxonomy":"product_brand","embeddable":true,"href":"https:\/\/itscloq.com\/tienda\/wp-json\/wp\/v2\/product_brand?post=27892"},{"taxonomy":"product_cat","embeddable":true,"href":"https:\/\/itscloq.com\/tienda\/wp-json\/wp\/v2\/product_cat?post=27892"},{"taxonomy":"product_tag","embeddable":true,"href":"https:\/\/itscloq.com\/tienda\/wp-json\/wp\/v2\/product_tag?post=27892"}],"curies":[{"name":"wp","href":"https:\/\/api.w.org\/{rel}","templated":true}]}}