{"id":27894,"date":"2024-09-12T23:13:41","date_gmt":"2024-09-12T23:13:41","guid":{"rendered":"https:\/\/itscloq.com\/tienda\/product\/deep-sleep\/"},"modified":"2026-04-30T16:16:49","modified_gmt":"2026-04-30T16:16:49","slug":"deep-sleep","status":"publish","type":"product","link":"https:\/\/itscloq.com\/tienda\/product\/deep-sleep\/","title":{"rendered":"ANTIFAZ CLOQ"},"content":{"rendered":"","protected":false},"excerpt":{"rendered":"<p>El antifaz de cloq est\u00e1 dise\u00f1ado para bloquear completamente la luz, promoviendo el sue\u00f1o profundo y la regulaci\u00f3n del ritmo circadiano. Dormir a oscuras ayuda a tener un sue\u00f1o saludable y en consecuencia, un d\u00eda lleno de energ\u00eda. Disfruta de noches tranquilas y despertares revitalizados con el antifaz de cloq.<\/p>\n","protected":false},"featured_media":28077,"comment_status":"closed","ping_status":"closed","template":"","meta":{"_joinchat":[]},"product_brand":[],"product_cat":[76],"product_tag":[],"class_list":{"0":"post-27894","1":"product","2":"type-product","3":"status-publish","4":"has-post-thumbnail","6":"product_cat-sueno","8":"first","9":"instock","10":"sale","11":"purchasable","12":"product-type-simple"},"_links":{"self":[{"href":"https:\/\/itscloq.com\/tienda\/wp-json\/wp\/v2\/product\/27894","targetHints":{"allow":["GET"]}}],"collection":[{"href":"https:\/\/itscloq.com\/tienda\/wp-json\/wp\/v2\/product"}],"about":[{"href":"https:\/\/itscloq.com\/tienda\/wp-json\/wp\/v2\/types\/product"}],"replies":[{"embeddable":true,"href":"https:\/\/itscloq.com\/tienda\/wp-json\/wp\/v2\/comments?post=27894"}],"version-history":[{"count":4,"href":"https:\/\/itscloq.com\/tienda\/wp-json\/wp\/v2\/product\/27894\/revisions"}],"predecessor-version":[{"id":28247,"href":"https:\/\/itscloq.com\/tienda\/wp-json\/wp\/v2\/product\/27894\/revisions\/28247"}],"wp:featuredmedia":[{"embeddable":true,"href":"https:\/\/itscloq.com\/tienda\/wp-json\/wp\/v2\/media\/28077"}],"wp:attachment":[{"href":"https:\/\/itscloq.com\/tienda\/wp-json\/wp\/v2\/media?parent=27894"}],"wp:term":[{"taxonomy":"product_brand","embeddable":true,"href":"https:\/\/itscloq.com\/tienda\/wp-json\/wp\/v2\/product_brand?post=27894"},{"taxonomy":"product_cat","embeddable":true,"href":"https:\/\/itscloq.com\/tienda\/wp-json\/wp\/v2\/product_cat?post=27894"},{"taxonomy":"product_tag","embeddable":true,"href":"https:\/\/itscloq.com\/tienda\/wp-json\/wp\/v2\/product_tag?post=27894"}],"curies":[{"name":"wp","href":"https:\/\/api.w.org\/{rel}","templated":true}]}}