{"id":27896,"date":"2024-09-12T23:13:41","date_gmt":"2024-09-12T23:13:41","guid":{"rendered":"https:\/\/itscloq.com\/tienda\/product\/la-guasha\/"},"modified":"2026-03-23T19:02:36","modified_gmt":"2026-03-23T19:02:36","slug":"la-guasha","status":"publish","type":"product","link":"https:\/\/itscloq.com\/tienda\/product\/la-guasha\/","title":{"rendered":"GUASHA CLOQ"},"content":{"rendered":"","protected":false},"excerpt":{"rendered":"<p>La Guasha de cloq est\u00e1 dise\u00f1ada para promover lo que la ciencia confirma: incorporar masajes tanto en la cara como en el cuero cabelludo en nuestra rutina diaria estimula nuestro Sistema Nervioso hacia la relajaci\u00f3n. La vida cloq est\u00e1 en estos pequenos h\u00e1bitos diarios sostenidos en el tiempo.<\/p>\n","protected":false},"featured_media":28062,"comment_status":"closed","ping_status":"closed","template":"","meta":{"_joinchat":[]},"product_brand":[],"product_cat":[75,72,76],"product_tag":[],"class_list":{"0":"post-27896","1":"product","2":"type-product","3":"status-publish","4":"has-post-thumbnail","6":"product_cat-salud-mental","7":"product_cat-higiene-personal","8":"product_cat-sueno","10":"first","11":"instock","12":"sale","13":"purchasable","14":"product-type-simple"},"_links":{"self":[{"href":"https:\/\/itscloq.com\/tienda\/wp-json\/wp\/v2\/product\/27896","targetHints":{"allow":["GET"]}}],"collection":[{"href":"https:\/\/itscloq.com\/tienda\/wp-json\/wp\/v2\/product"}],"about":[{"href":"https:\/\/itscloq.com\/tienda\/wp-json\/wp\/v2\/types\/product"}],"replies":[{"embeddable":true,"href":"https:\/\/itscloq.com\/tienda\/wp-json\/wp\/v2\/comments?post=27896"}],"version-history":[{"count":3,"href":"https:\/\/itscloq.com\/tienda\/wp-json\/wp\/v2\/product\/27896\/revisions"}],"predecessor-version":[{"id":28248,"href":"https:\/\/itscloq.com\/tienda\/wp-json\/wp\/v2\/product\/27896\/revisions\/28248"}],"wp:featuredmedia":[{"embeddable":true,"href":"https:\/\/itscloq.com\/tienda\/wp-json\/wp\/v2\/media\/28062"}],"wp:attachment":[{"href":"https:\/\/itscloq.com\/tienda\/wp-json\/wp\/v2\/media?parent=27896"}],"wp:term":[{"taxonomy":"product_brand","embeddable":true,"href":"https:\/\/itscloq.com\/tienda\/wp-json\/wp\/v2\/product_brand?post=27896"},{"taxonomy":"product_cat","embeddable":true,"href":"https:\/\/itscloq.com\/tienda\/wp-json\/wp\/v2\/product_cat?post=27896"},{"taxonomy":"product_tag","embeddable":true,"href":"https:\/\/itscloq.com\/tienda\/wp-json\/wp\/v2\/product_tag?post=27896"}],"curies":[{"name":"wp","href":"https:\/\/api.w.org\/{rel}","templated":true}]}}