{"id":27898,"date":"2024-09-12T23:13:41","date_gmt":"2024-09-12T23:13:41","guid":{"rendered":"https:\/\/itscloq.com\/tienda\/product\/migrana-killer\/"},"modified":"2026-03-23T19:02:51","modified_gmt":"2026-03-23T19:02:51","slug":"migrana-killer","status":"publish","type":"product","link":"https:\/\/itscloq.com\/tienda\/product\/migrana-killer\/","title":{"rendered":"GORRO ANTIMIGRA\u00d1A"},"content":{"rendered":"","protected":false},"excerpt":{"rendered":"<p><span style=\"font-weight: 400;\">bye, bye migra\u00f1as, mal humor e irritabilidad.. el gorro antimigra\u00f1a de cloq es un gorro terap\u00e9utico dise\u00f1ado para aliviar la migra\u00f1a y otros dolores de cabeza. Al ser enfriado en el congelador o calentado en el microondas proporciona alivio inmediato y natural. Sus beneficios incluyen alivio r\u00e1pido y efectivo del dolor, sin efectos secundarios, gracias a su dise\u00f1o port\u00e1til y reutilizable que se adapta c\u00f3modamente a la cabeza, permiti\u00e9ndote moverse con libertad mientras disfrutas del alivio a la temperatura que desees.<\/span><\/p>\n","protected":false},"featured_media":27965,"comment_status":"closed","ping_status":"closed","template":"","meta":{"_joinchat":[]},"product_brand":[],"product_cat":[75,72,76],"product_tag":[],"class_list":{"0":"post-27898","1":"product","2":"type-product","3":"status-publish","4":"has-post-thumbnail","6":"product_cat-salud-mental","7":"product_cat-higiene-personal","8":"product_cat-sueno","10":"first","11":"instock","12":"sale","13":"purchasable","14":"product-type-simple"},"_links":{"self":[{"href":"https:\/\/itscloq.com\/tienda\/wp-json\/wp\/v2\/product\/27898","targetHints":{"allow":["GET"]}}],"collection":[{"href":"https:\/\/itscloq.com\/tienda\/wp-json\/wp\/v2\/product"}],"about":[{"href":"https:\/\/itscloq.com\/tienda\/wp-json\/wp\/v2\/types\/product"}],"replies":[{"embeddable":true,"href":"https:\/\/itscloq.com\/tienda\/wp-json\/wp\/v2\/comments?post=27898"}],"version-history":[{"count":6,"href":"https:\/\/itscloq.com\/tienda\/wp-json\/wp\/v2\/product\/27898\/revisions"}],"predecessor-version":[{"id":28843,"href":"https:\/\/itscloq.com\/tienda\/wp-json\/wp\/v2\/product\/27898\/revisions\/28843"}],"wp:featuredmedia":[{"embeddable":true,"href":"https:\/\/itscloq.com\/tienda\/wp-json\/wp\/v2\/media\/27965"}],"wp:attachment":[{"href":"https:\/\/itscloq.com\/tienda\/wp-json\/wp\/v2\/media?parent=27898"}],"wp:term":[{"taxonomy":"product_brand","embeddable":true,"href":"https:\/\/itscloq.com\/tienda\/wp-json\/wp\/v2\/product_brand?post=27898"},{"taxonomy":"product_cat","embeddable":true,"href":"https:\/\/itscloq.com\/tienda\/wp-json\/wp\/v2\/product_cat?post=27898"},{"taxonomy":"product_tag","embeddable":true,"href":"https:\/\/itscloq.com\/tienda\/wp-json\/wp\/v2\/product_tag?post=27898"}],"curies":[{"name":"wp","href":"https:\/\/api.w.org\/{rel}","templated":true}]}}