{"id":27900,"date":"2024-09-12T23:13:41","date_gmt":"2024-09-12T23:13:41","guid":{"rendered":"https:\/\/itscloq.com\/tienda\/product\/happy-skin\/"},"modified":"2026-03-25T19:04:17","modified_gmt":"2026-03-25T19:04:17","slug":"happy-skin","status":"publish","type":"product","link":"https:\/\/itscloq.com\/tienda\/product\/happy-skin\/","title":{"rendered":"ESFERAS FRIAS CLOQ"},"content":{"rendered":"","protected":false},"excerpt":{"rendered":"<p>Mejorar tu salud mental, cerrar los poros, desinflamar el rostro. \u00bfqu\u00e9 m\u00e1s le quieres pedir a estas esferas frias de cloq ?.<\/p>\n<p>\u00bfSab\u00edas que el fr\u00edo puede ser el mejor amigo de tu sistema nervioso? \u00a1S\u00ed, as\u00ed es! \u00a1No hay nada mejor que una dosis de fr\u00edo para estimular el nervio vago, levantar el \u00e1nimo y ponerte en marcha!. Adem\u00e1s, las esferas frias tambi\u00e9n te ayudar\u00e1n a cerrar los poros y desinflamar el rostro.<\/p>\n","protected":false},"featured_media":28059,"comment_status":"closed","ping_status":"closed","template":"","meta":{"_joinchat":[]},"product_brand":[],"product_cat":[75,72,76],"product_tag":[],"class_list":{"0":"post-27900","1":"product","2":"type-product","3":"status-publish","4":"has-post-thumbnail","6":"product_cat-salud-mental","7":"product_cat-higiene-personal","8":"product_cat-sueno","10":"first","11":"instock","12":"sale","13":"purchasable","14":"product-type-simple"},"_links":{"self":[{"href":"https:\/\/itscloq.com\/tienda\/wp-json\/wp\/v2\/product\/27900","targetHints":{"allow":["GET"]}}],"collection":[{"href":"https:\/\/itscloq.com\/tienda\/wp-json\/wp\/v2\/product"}],"about":[{"href":"https:\/\/itscloq.com\/tienda\/wp-json\/wp\/v2\/types\/product"}],"replies":[{"embeddable":true,"href":"https:\/\/itscloq.com\/tienda\/wp-json\/wp\/v2\/comments?post=27900"}],"version-history":[{"count":4,"href":"https:\/\/itscloq.com\/tienda\/wp-json\/wp\/v2\/product\/27900\/revisions"}],"predecessor-version":[{"id":28500,"href":"https:\/\/itscloq.com\/tienda\/wp-json\/wp\/v2\/product\/27900\/revisions\/28500"}],"wp:featuredmedia":[{"embeddable":true,"href":"https:\/\/itscloq.com\/tienda\/wp-json\/wp\/v2\/media\/28059"}],"wp:attachment":[{"href":"https:\/\/itscloq.com\/tienda\/wp-json\/wp\/v2\/media?parent=27900"}],"wp:term":[{"taxonomy":"product_brand","embeddable":true,"href":"https:\/\/itscloq.com\/tienda\/wp-json\/wp\/v2\/product_brand?post=27900"},{"taxonomy":"product_cat","embeddable":true,"href":"https:\/\/itscloq.com\/tienda\/wp-json\/wp\/v2\/product_cat?post=27900"},{"taxonomy":"product_tag","embeddable":true,"href":"https:\/\/itscloq.com\/tienda\/wp-json\/wp\/v2\/product_tag?post=27900"}],"curies":[{"name":"wp","href":"https:\/\/api.w.org\/{rel}","templated":true}]}}