{"id":27902,"date":"2024-09-12T23:13:41","date_gmt":"2024-09-12T23:13:41","guid":{"rendered":"https:\/\/itscloq.com\/tienda\/product\/checklist\/"},"modified":"2026-03-23T19:03:11","modified_gmt":"2026-03-23T19:03:11","slug":"checklist","status":"publish","type":"product","link":"https:\/\/itscloq.com\/tienda\/product\/checklist\/","title":{"rendered":"TACO DE HOJAS CHECKLIST"},"content":{"rendered":"","protected":false},"excerpt":{"rendered":"<p>El taco de hojas checklist de cloq es tu compa\u00f1ero ideal para mantener tus tareas organizadas y bajo control. \u00a1Dise\u00f1ado para que puedas anotar f\u00e1cilmente tus tareas pendientes. Perfecto para mantener la productividad y asegurarte de no olvidar ning\u00fan detalle importante. \u00a1Disfruta del placer de no olvidar los pendientes y hacer check en cada tarea completada!<\/p>\n","protected":false},"featured_media":28143,"comment_status":"closed","ping_status":"closed","template":"","meta":{"_joinchat":[]},"product_brand":[],"product_cat":[73],"product_tag":[],"class_list":{"0":"post-27902","1":"product","2":"type-product","3":"status-publish","4":"has-post-thumbnail","6":"product_cat-organizacion-y-limpieza","8":"first","9":"instock","10":"sale","11":"purchasable","12":"product-type-simple"},"_links":{"self":[{"href":"https:\/\/itscloq.com\/tienda\/wp-json\/wp\/v2\/product\/27902","targetHints":{"allow":["GET"]}}],"collection":[{"href":"https:\/\/itscloq.com\/tienda\/wp-json\/wp\/v2\/product"}],"about":[{"href":"https:\/\/itscloq.com\/tienda\/wp-json\/wp\/v2\/types\/product"}],"replies":[{"embeddable":true,"href":"https:\/\/itscloq.com\/tienda\/wp-json\/wp\/v2\/comments?post=27902"}],"version-history":[{"count":6,"href":"https:\/\/itscloq.com\/tienda\/wp-json\/wp\/v2\/product\/27902\/revisions"}],"predecessor-version":[{"id":28844,"href":"https:\/\/itscloq.com\/tienda\/wp-json\/wp\/v2\/product\/27902\/revisions\/28844"}],"wp:featuredmedia":[{"embeddable":true,"href":"https:\/\/itscloq.com\/tienda\/wp-json\/wp\/v2\/media\/28143"}],"wp:attachment":[{"href":"https:\/\/itscloq.com\/tienda\/wp-json\/wp\/v2\/media?parent=27902"}],"wp:term":[{"taxonomy":"product_brand","embeddable":true,"href":"https:\/\/itscloq.com\/tienda\/wp-json\/wp\/v2\/product_brand?post=27902"},{"taxonomy":"product_cat","embeddable":true,"href":"https:\/\/itscloq.com\/tienda\/wp-json\/wp\/v2\/product_cat?post=27902"},{"taxonomy":"product_tag","embeddable":true,"href":"https:\/\/itscloq.com\/tienda\/wp-json\/wp\/v2\/product_tag?post=27902"}],"curies":[{"name":"wp","href":"https:\/\/api.w.org\/{rel}","templated":true}]}}