{"id":27908,"date":"2024-09-12T23:13:41","date_gmt":"2024-09-12T23:13:41","guid":{"rendered":"https:\/\/itscloq.com\/tienda\/product\/blocker\/"},"modified":"2026-03-25T19:04:17","modified_gmt":"2026-03-25T19:04:17","slug":"blocker","status":"publish","type":"product","link":"https:\/\/itscloq.com\/tienda\/product\/blocker\/","title":{"rendered":"LENTES BLOQUEADORES CLOQ"},"content":{"rendered":"","protected":false},"excerpt":{"rendered":"<p><span style=\"font-weight: 400;\">Los lentes bloqueadores de cloq est\u00e1n especialmente dise\u00f1ados para bloquear la luz azul emitida por pantallas digitales como computadoras, tablets y tel\u00e9fonos m\u00f3viles. Al reducir la exposici\u00f3n a esta luz, ayudan a prevenir la fatiga ocular, mejorar la calidad del sue\u00f1o y proteger los ojos de los efectos nocivos de la luz azul. Ideales para quienes pasan mucho tiempo frente a pantallas, los lentes bloqueadores cloq ofrecen comodidad, protecci\u00f3n visual y reducci\u00f3n de fatiga.<\/span><\/p>\n<p>&nbsp;<\/p>\n<ul>\n<li style=\"font-weight: 400;\"><span style=\"font-weight: 400;\">Dise\u00f1o unisex<\/span><\/li>\n<li style=\"font-weight: 400;\"><span style=\"font-weight: 400;\">400 de protecci\u00f3n UV<\/span><\/li>\n<\/ul>\n","protected":false},"featured_media":28148,"comment_status":"closed","ping_status":"closed","template":"","meta":{"_joinchat":[]},"product_brand":[],"product_cat":[75,76],"product_tag":[],"class_list":{"0":"post-27908","1":"product","2":"type-product","3":"status-publish","4":"has-post-thumbnail","6":"product_cat-salud-mental","7":"product_cat-sueno","9":"first","10":"instock","11":"sale","12":"purchasable","13":"product-type-simple"},"_links":{"self":[{"href":"https:\/\/itscloq.com\/tienda\/wp-json\/wp\/v2\/product\/27908","targetHints":{"allow":["GET"]}}],"collection":[{"href":"https:\/\/itscloq.com\/tienda\/wp-json\/wp\/v2\/product"}],"about":[{"href":"https:\/\/itscloq.com\/tienda\/wp-json\/wp\/v2\/types\/product"}],"replies":[{"embeddable":true,"href":"https:\/\/itscloq.com\/tienda\/wp-json\/wp\/v2\/comments?post=27908"}],"version-history":[{"count":7,"href":"https:\/\/itscloq.com\/tienda\/wp-json\/wp\/v2\/product\/27908\/revisions"}],"predecessor-version":[{"id":28845,"href":"https:\/\/itscloq.com\/tienda\/wp-json\/wp\/v2\/product\/27908\/revisions\/28845"}],"wp:featuredmedia":[{"embeddable":true,"href":"https:\/\/itscloq.com\/tienda\/wp-json\/wp\/v2\/media\/28148"}],"wp:attachment":[{"href":"https:\/\/itscloq.com\/tienda\/wp-json\/wp\/v2\/media?parent=27908"}],"wp:term":[{"taxonomy":"product_brand","embeddable":true,"href":"https:\/\/itscloq.com\/tienda\/wp-json\/wp\/v2\/product_brand?post=27908"},{"taxonomy":"product_cat","embeddable":true,"href":"https:\/\/itscloq.com\/tienda\/wp-json\/wp\/v2\/product_cat?post=27908"},{"taxonomy":"product_tag","embeddable":true,"href":"https:\/\/itscloq.com\/tienda\/wp-json\/wp\/v2\/product_tag?post=27908"}],"curies":[{"name":"wp","href":"https:\/\/api.w.org\/{rel}","templated":true}]}}