{"id":27912,"date":"2024-09-12T23:13:41","date_gmt":"2024-09-12T23:13:41","guid":{"rendered":"https:\/\/itscloq.com\/tienda\/product\/hidrojet\/"},"modified":"2026-04-11T16:30:27","modified_gmt":"2026-04-11T16:30:27","slug":"hidrojet","status":"publish","type":"product","link":"https:\/\/itscloq.com\/tienda\/product\/hidrojet\/","title":{"rendered":"HIDROJET BUCAL DE CLOQ"},"content":{"rendered":"","protected":false},"excerpt":{"rendered":"<p>El hidrojet de cloq es un irrigador bucal dise\u00f1ado para mejorar la salud oral y la higiene dental. Utiliza pulsos de agua para limpiar profundamente entre los dientes y debajo de la l\u00ednea de las enc\u00edas, eliminando eficazmente los residuos de comida y bacterias. Beneficioso para la prevenci\u00f3n de enfermedades periodontales y la reducci\u00f3n de la placa dental, el hidrojet bucal de cloq promueve enc\u00edas m\u00e1s saludables y un aliento m\u00e1s fresco. Ideal para complementar el cepillado diario y mantener una sonrisa brillante y saludable.<\/p>\n","protected":false},"featured_media":28069,"comment_status":"closed","ping_status":"closed","template":"","meta":{"_joinchat":[]},"product_brand":[],"product_cat":[72],"product_tag":[],"class_list":{"0":"post-27912","1":"product","2":"type-product","3":"status-publish","4":"has-post-thumbnail","6":"product_cat-higiene-personal","8":"first","9":"instock","10":"sale","11":"purchasable","12":"product-type-simple"},"_links":{"self":[{"href":"https:\/\/itscloq.com\/tienda\/wp-json\/wp\/v2\/product\/27912","targetHints":{"allow":["GET"]}}],"collection":[{"href":"https:\/\/itscloq.com\/tienda\/wp-json\/wp\/v2\/product"}],"about":[{"href":"https:\/\/itscloq.com\/tienda\/wp-json\/wp\/v2\/types\/product"}],"replies":[{"embeddable":true,"href":"https:\/\/itscloq.com\/tienda\/wp-json\/wp\/v2\/comments?post=27912"}],"version-history":[{"count":4,"href":"https:\/\/itscloq.com\/tienda\/wp-json\/wp\/v2\/product\/27912\/revisions"}],"predecessor-version":[{"id":28257,"href":"https:\/\/itscloq.com\/tienda\/wp-json\/wp\/v2\/product\/27912\/revisions\/28257"}],"wp:featuredmedia":[{"embeddable":true,"href":"https:\/\/itscloq.com\/tienda\/wp-json\/wp\/v2\/media\/28069"}],"wp:attachment":[{"href":"https:\/\/itscloq.com\/tienda\/wp-json\/wp\/v2\/media?parent=27912"}],"wp:term":[{"taxonomy":"product_brand","embeddable":true,"href":"https:\/\/itscloq.com\/tienda\/wp-json\/wp\/v2\/product_brand?post=27912"},{"taxonomy":"product_cat","embeddable":true,"href":"https:\/\/itscloq.com\/tienda\/wp-json\/wp\/v2\/product_cat?post=27912"},{"taxonomy":"product_tag","embeddable":true,"href":"https:\/\/itscloq.com\/tienda\/wp-json\/wp\/v2\/product_tag?post=27912"}],"curies":[{"name":"wp","href":"https:\/\/api.w.org\/{rel}","templated":true}]}}