{"id":28529,"date":"2025-02-11T18:52:55","date_gmt":"2025-02-11T18:52:55","guid":{"rendered":"https:\/\/itscloq.com\/tienda\/?post_type=product&#038;p=28529"},"modified":"2026-05-17T14:39:28","modified_gmt":"2026-05-17T14:39:28","slug":"envase-de-3-niveles","status":"publish","type":"product","link":"https:\/\/itscloq.com\/tienda\/product\/envase-de-3-niveles\/","title":{"rendered":"ENVASE DE 3 NIVELES"},"content":{"rendered":"<p>El envase de 3 nieveles multiuso de cloq es el tupper que siempre has querido para guardar charcuter\u00eda organizada con f\u00e1cil acceso. Con sus 3 pisos, puedes organizar tus alimentos de manera simple y mantenerlos frescos por m\u00e1s tiempo. Perfecto para la nevera y para llevar tus snacks favoritos a donde quieras. \u00a1Definitivamente es TOP!<\/p>\n","protected":false},"excerpt":{"rendered":"<p>El envase de 3 nieveles multiuso de cloq es el tupper que siempre has querido para guardar charcuter\u00eda organizada con<\/p>\n","protected":false},"featured_media":28530,"comment_status":"open","ping_status":"closed","template":"","meta":{"_joinchat":[]},"product_brand":[],"product_cat":[74,73],"product_tag":[],"class_list":{"0":"post-28529","1":"product","2":"type-product","3":"status-publish","4":"has-post-thumbnail","6":"product_cat-alimentacion-y-movimiento","7":"product_cat-organizacion-y-limpieza","9":"first","10":"instock","11":"sale","12":"shipping-taxable","13":"purchasable","14":"product-type-simple"},"_links":{"self":[{"href":"https:\/\/itscloq.com\/tienda\/wp-json\/wp\/v2\/product\/28529","targetHints":{"allow":["GET"]}}],"collection":[{"href":"https:\/\/itscloq.com\/tienda\/wp-json\/wp\/v2\/product"}],"about":[{"href":"https:\/\/itscloq.com\/tienda\/wp-json\/wp\/v2\/types\/product"}],"replies":[{"embeddable":true,"href":"https:\/\/itscloq.com\/tienda\/wp-json\/wp\/v2\/comments?post=28529"}],"version-history":[{"count":2,"href":"https:\/\/itscloq.com\/tienda\/wp-json\/wp\/v2\/product\/28529\/revisions"}],"predecessor-version":[{"id":28537,"href":"https:\/\/itscloq.com\/tienda\/wp-json\/wp\/v2\/product\/28529\/revisions\/28537"}],"wp:featuredmedia":[{"embeddable":true,"href":"https:\/\/itscloq.com\/tienda\/wp-json\/wp\/v2\/media\/28530"}],"wp:attachment":[{"href":"https:\/\/itscloq.com\/tienda\/wp-json\/wp\/v2\/media?parent=28529"}],"wp:term":[{"taxonomy":"product_brand","embeddable":true,"href":"https:\/\/itscloq.com\/tienda\/wp-json\/wp\/v2\/product_brand?post=28529"},{"taxonomy":"product_cat","embeddable":true,"href":"https:\/\/itscloq.com\/tienda\/wp-json\/wp\/v2\/product_cat?post=28529"},{"taxonomy":"product_tag","embeddable":true,"href":"https:\/\/itscloq.com\/tienda\/wp-json\/wp\/v2\/product_tag?post=28529"}],"curies":[{"name":"wp","href":"https:\/\/api.w.org\/{rel}","templated":true}]}}