{"id":28640,"date":"2025-04-30T18:25:04","date_gmt":"2025-04-30T18:25:04","guid":{"rendered":"https:\/\/itscloq.com\/tienda\/?post_type=product&#038;p=28640"},"modified":"2026-03-23T18:57:54","modified_gmt":"2026-03-23T18:57:54","slug":"esponja-multiuso","status":"publish","type":"product","link":"https:\/\/itscloq.com\/tienda\/product\/esponja-multiuso\/","title":{"rendered":"ESPONJA MULTIUSO CLOQ"},"content":{"rendered":"","protected":false},"excerpt":{"rendered":"<p>Perfecta para limpiar f\u00e1cil y de verdad. Esta esponja est\u00e1 creada para limpiar polvo, migajas y pelos de manera f\u00e1cil y sin mentiras. No vas a levantar el polvo para dejar de verlo un rato, la esponja se encarga de absorberlo por completo para luego ser retirado de forma sencilla con agua. Limpiar es un h\u00e1bito clave para habitar espacios agradables, hazlo f\u00e1cil.<\/p>\n","protected":false},"featured_media":28641,"comment_status":"open","ping_status":"closed","template":"","meta":{"_joinchat":[]},"product_brand":[],"product_cat":[73],"product_tag":[],"class_list":{"0":"post-28640","1":"product","2":"type-product","3":"status-publish","4":"has-post-thumbnail","6":"product_cat-organizacion-y-limpieza","8":"first","9":"instock","10":"sale","11":"shipping-taxable","12":"purchasable","13":"product-type-simple"},"_links":{"self":[{"href":"https:\/\/itscloq.com\/tienda\/wp-json\/wp\/v2\/product\/28640","targetHints":{"allow":["GET"]}}],"collection":[{"href":"https:\/\/itscloq.com\/tienda\/wp-json\/wp\/v2\/product"}],"about":[{"href":"https:\/\/itscloq.com\/tienda\/wp-json\/wp\/v2\/types\/product"}],"replies":[{"embeddable":true,"href":"https:\/\/itscloq.com\/tienda\/wp-json\/wp\/v2\/comments?post=28640"}],"version-history":[{"count":2,"href":"https:\/\/itscloq.com\/tienda\/wp-json\/wp\/v2\/product\/28640\/revisions"}],"predecessor-version":[{"id":28674,"href":"https:\/\/itscloq.com\/tienda\/wp-json\/wp\/v2\/product\/28640\/revisions\/28674"}],"wp:featuredmedia":[{"embeddable":true,"href":"https:\/\/itscloq.com\/tienda\/wp-json\/wp\/v2\/media\/28641"}],"wp:attachment":[{"href":"https:\/\/itscloq.com\/tienda\/wp-json\/wp\/v2\/media?parent=28640"}],"wp:term":[{"taxonomy":"product_brand","embeddable":true,"href":"https:\/\/itscloq.com\/tienda\/wp-json\/wp\/v2\/product_brand?post=28640"},{"taxonomy":"product_cat","embeddable":true,"href":"https:\/\/itscloq.com\/tienda\/wp-json\/wp\/v2\/product_cat?post=28640"},{"taxonomy":"product_tag","embeddable":true,"href":"https:\/\/itscloq.com\/tienda\/wp-json\/wp\/v2\/product_tag?post=28640"}],"curies":[{"name":"wp","href":"https:\/\/api.w.org\/{rel}","templated":true}]}}