{"id":28646,"date":"2025-04-30T18:29:41","date_gmt":"2025-04-30T18:29:41","guid":{"rendered":"https:\/\/itscloq.com\/tienda\/?post_type=product&#038;p=28646"},"modified":"2026-04-30T16:16:49","modified_gmt":"2026-04-30T16:16:49","slug":"portacosmeticos-cloq","status":"publish","type":"product","link":"https:\/\/itscloq.com\/tienda\/product\/portacosmeticos-cloq\/","title":{"rendered":"PORTACOSMETICOS CLOQ"},"content":{"rendered":"","protected":false},"excerpt":{"rendered":"<p>Este es el portacosm\u00e9ticos m\u00e1s vers\u00e1til, pr\u00e1ctico y c\u00f3modo del mercado. Lleva el orden y la comodidad siempre contigo. Cuenta con m\u00faltiples espacios y compartimientos.<\/p>\n","protected":false},"featured_media":28647,"comment_status":"open","ping_status":"closed","template":"","meta":{"_joinchat":[]},"product_brand":[],"product_cat":[72,73],"product_tag":[],"class_list":{"0":"post-28646","1":"product","2":"type-product","3":"status-publish","4":"has-post-thumbnail","6":"product_cat-higiene-personal","7":"product_cat-organizacion-y-limpieza","9":"first","10":"instock","11":"sale","12":"shipping-taxable","13":"purchasable","14":"product-type-simple"},"_links":{"self":[{"href":"https:\/\/itscloq.com\/tienda\/wp-json\/wp\/v2\/product\/28646","targetHints":{"allow":["GET"]}}],"collection":[{"href":"https:\/\/itscloq.com\/tienda\/wp-json\/wp\/v2\/product"}],"about":[{"href":"https:\/\/itscloq.com\/tienda\/wp-json\/wp\/v2\/types\/product"}],"replies":[{"embeddable":true,"href":"https:\/\/itscloq.com\/tienda\/wp-json\/wp\/v2\/comments?post=28646"}],"version-history":[{"count":2,"href":"https:\/\/itscloq.com\/tienda\/wp-json\/wp\/v2\/product\/28646\/revisions"}],"predecessor-version":[{"id":28673,"href":"https:\/\/itscloq.com\/tienda\/wp-json\/wp\/v2\/product\/28646\/revisions\/28673"}],"wp:featuredmedia":[{"embeddable":true,"href":"https:\/\/itscloq.com\/tienda\/wp-json\/wp\/v2\/media\/28647"}],"wp:attachment":[{"href":"https:\/\/itscloq.com\/tienda\/wp-json\/wp\/v2\/media?parent=28646"}],"wp:term":[{"taxonomy":"product_brand","embeddable":true,"href":"https:\/\/itscloq.com\/tienda\/wp-json\/wp\/v2\/product_brand?post=28646"},{"taxonomy":"product_cat","embeddable":true,"href":"https:\/\/itscloq.com\/tienda\/wp-json\/wp\/v2\/product_cat?post=28646"},{"taxonomy":"product_tag","embeddable":true,"href":"https:\/\/itscloq.com\/tienda\/wp-json\/wp\/v2\/product_tag?post=28646"}],"curies":[{"name":"wp","href":"https:\/\/api.w.org\/{rel}","templated":true}]}}