{"id":28665,"date":"2025-05-03T19:47:14","date_gmt":"2025-05-03T19:47:14","guid":{"rendered":"https:\/\/itscloq.com\/tienda\/?post_type=product&#038;p=28665"},"modified":"2026-03-23T18:57:26","modified_gmt":"2026-03-23T18:57:26","slug":"cintas-bucales","status":"publish","type":"product","link":"https:\/\/itscloq.com\/tienda\/product\/cintas-bucales\/","title":{"rendered":"CINTAS BUCALES"},"content":{"rendered":"","protected":false},"excerpt":{"rendered":"<p>\u00bfTe despiertas con la boca seca o sientes que no descansas bien por las noches? Puede que est\u00e9s respirando por la boca sin darte cuenta. Estas cintas son la forma m\u00e1s sencilla (y casi m\u00e1gica) de ense\u00f1arle a tu cuerpo a respirar por donde s\u00ed se debe: la nariz.<\/p>\n<p>Son hipoalerg\u00e9nicas, suaves y se adhieren justo sobre los labios. \u00bfEl objetivo? Mantener la boca cerrada mientras duermes o incluso cuando entrenas, ayudando a mejorar la oxigenaci\u00f3n, el rendimiento f\u00edsico y la calidad del sue\u00f1o.<\/p>\n<p>\u00dasalas para:<br \/>\n\u2013 Dormir profundo y sin interrupciones<br \/>\n\u2013 Evitar ronquidos o resequedad al despertar<br \/>\n\u2013 Respirar mejor durante entrenamientos intensos<br \/>\n\u2013 Hacer que tu cuerpo se acostumbre (otra vez) a usar la nariz como canal principal<\/p>\n<p>Un h\u00e1bito peque\u00f1o, pero con impacto gigante en c\u00f3mo duermes, c\u00f3mo te recuperas y c\u00f3mo te sientes al d\u00eda siguiente.<\/p>\n","protected":false},"featured_media":28666,"comment_status":"open","ping_status":"closed","template":"","meta":{"_joinchat":[]},"product_brand":[],"product_cat":[72],"product_tag":[],"class_list":{"0":"post-28665","1":"product","2":"type-product","3":"status-publish","4":"has-post-thumbnail","6":"product_cat-higiene-personal","8":"first","9":"instock","10":"sale","11":"shipping-taxable","12":"purchasable","13":"product-type-simple"},"_links":{"self":[{"href":"https:\/\/itscloq.com\/tienda\/wp-json\/wp\/v2\/product\/28665","targetHints":{"allow":["GET"]}}],"collection":[{"href":"https:\/\/itscloq.com\/tienda\/wp-json\/wp\/v2\/product"}],"about":[{"href":"https:\/\/itscloq.com\/tienda\/wp-json\/wp\/v2\/types\/product"}],"replies":[{"embeddable":true,"href":"https:\/\/itscloq.com\/tienda\/wp-json\/wp\/v2\/comments?post=28665"}],"version-history":[{"count":1,"href":"https:\/\/itscloq.com\/tienda\/wp-json\/wp\/v2\/product\/28665\/revisions"}],"predecessor-version":[{"id":28672,"href":"https:\/\/itscloq.com\/tienda\/wp-json\/wp\/v2\/product\/28665\/revisions\/28672"}],"wp:featuredmedia":[{"embeddable":true,"href":"https:\/\/itscloq.com\/tienda\/wp-json\/wp\/v2\/media\/28666"}],"wp:attachment":[{"href":"https:\/\/itscloq.com\/tienda\/wp-json\/wp\/v2\/media?parent=28665"}],"wp:term":[{"taxonomy":"product_brand","embeddable":true,"href":"https:\/\/itscloq.com\/tienda\/wp-json\/wp\/v2\/product_brand?post=28665"},{"taxonomy":"product_cat","embeddable":true,"href":"https:\/\/itscloq.com\/tienda\/wp-json\/wp\/v2\/product_cat?post=28665"},{"taxonomy":"product_tag","embeddable":true,"href":"https:\/\/itscloq.com\/tienda\/wp-json\/wp\/v2\/product_tag?post=28665"}],"curies":[{"name":"wp","href":"https:\/\/api.w.org\/{rel}","templated":true}]}}