{"id":28704,"date":"2025-05-29T11:57:57","date_gmt":"2025-05-29T11:57:57","guid":{"rendered":"https:\/\/itscloq.com\/tienda\/?post_type=product&#038;p=28704"},"modified":"2026-03-26T15:48:23","modified_gmt":"2026-03-26T15:48:23","slug":"packing-cubes-cloq","status":"publish","type":"product","link":"https:\/\/itscloq.com\/tienda\/product\/packing-cubes-cloq\/","title":{"rendered":"PACKING CUBES CLOQ"},"content":{"rendered":"","protected":false},"excerpt":{"rendered":"<p>Los packing cubes est\u00e1n dise\u00f1ados para optimizar la organizaci\u00f3n y el espacio de tu equipaje (bolsos, maletas&#8230;) y llevar el orden contigo a donde sea que vayas. Contiene 8 piezas diferentes.<\/p>\n<p>Hazlo f\u00e1cil, lleva tu vida cloq a cada lugar.<\/p>\n","protected":false},"featured_media":28705,"comment_status":"open","ping_status":"closed","template":"","meta":{"_joinchat":[]},"product_brand":[],"product_cat":[73,81],"product_tag":[],"class_list":{"0":"post-28704","1":"product","2":"type-product","3":"status-publish","4":"has-post-thumbnail","6":"product_cat-organizacion-y-limpieza","7":"product_cat-packs","9":"first","10":"instock","11":"sale","12":"shipping-taxable","13":"purchasable","14":"product-type-simple"},"_links":{"self":[{"href":"https:\/\/itscloq.com\/tienda\/wp-json\/wp\/v2\/product\/28704","targetHints":{"allow":["GET"]}}],"collection":[{"href":"https:\/\/itscloq.com\/tienda\/wp-json\/wp\/v2\/product"}],"about":[{"href":"https:\/\/itscloq.com\/tienda\/wp-json\/wp\/v2\/types\/product"}],"replies":[{"embeddable":true,"href":"https:\/\/itscloq.com\/tienda\/wp-json\/wp\/v2\/comments?post=28704"}],"version-history":[{"count":2,"href":"https:\/\/itscloq.com\/tienda\/wp-json\/wp\/v2\/product\/28704\/revisions"}],"predecessor-version":[{"id":28707,"href":"https:\/\/itscloq.com\/tienda\/wp-json\/wp\/v2\/product\/28704\/revisions\/28707"}],"wp:featuredmedia":[{"embeddable":true,"href":"https:\/\/itscloq.com\/tienda\/wp-json\/wp\/v2\/media\/28705"}],"wp:attachment":[{"href":"https:\/\/itscloq.com\/tienda\/wp-json\/wp\/v2\/media?parent=28704"}],"wp:term":[{"taxonomy":"product_brand","embeddable":true,"href":"https:\/\/itscloq.com\/tienda\/wp-json\/wp\/v2\/product_brand?post=28704"},{"taxonomy":"product_cat","embeddable":true,"href":"https:\/\/itscloq.com\/tienda\/wp-json\/wp\/v2\/product_cat?post=28704"},{"taxonomy":"product_tag","embeddable":true,"href":"https:\/\/itscloq.com\/tienda\/wp-json\/wp\/v2\/product_tag?post=28704"}],"curies":[{"name":"wp","href":"https:\/\/api.w.org\/{rel}","templated":true}]}}